{"id":25,"date":"2025-01-05T07:54:49","date_gmt":"2025-01-05T06:54:49","guid":{"rendered":"https:\/\/vivotopia.org\/komenca-pago\/"},"modified":"2025-04-07T17:42:50","modified_gmt":"2025-04-07T15:42:50","slug":"komenca-pago","status":"publish","type":"page","link":"https:\/\/vivotopia.org\/eo\/","title":{"rendered":"Vivotopia Kosma Akademio"},"content":{"rendered":"\n<p>Esplorinstituto por kosma kompreno<\/p>\n\n\n\n<p>Vivotopia estas esplor-akademio fondita sur la kosmologio de Martinus \u2013 kosma mondrigardo kiu prilumas la plej profundajn demandojn de la vivo. \u0108i tie ni esploras ekzistecajn temojn kiel: Kio estas la vivo? Kio estas la senco de nia tera ekzistado? Kio estas la rolo de sufero, la naturo de morto kaj la estonta destino de la homo? \u0108u la universo, en sia esenco, estas plena je amo?<\/p>\n\n\n\n<p>Per nombro da propradisvolvitaj kosmaj modeloj, ni celas profundigi la komprenon pri la interna voja\u011do de la homo, pri nia kosma anatomio kaj pri la strukturo de konscio. Nia vizio estas kontribui al nova Vivo-Scienco \u2013 scio kiu helpas nin vivi en harmonio kun la ama konscio de la universo.<\/p>\n\n\n\n<p>La <strong>Vivotopia Kosmosejo<\/strong> enhavas unikan kolekton da arta\u0135oj kaj objektoj reflektantaj du milionojn da jaroj da homa spirita historio, kune kun ampleksa bildarkivo kun fotoj el la tuta mondo. \u0108i tie trovi\u011das anka\u016d referenca biblioteko por tiuj kiuj deziras profundigi sian studadon plu.<\/p>\n\n\n\n<hr class=\"wp-block-separator has-alpha-channel-opacity\"\/>\n\n\n\n<p><strong>Martinus-Kosmologio<\/strong><\/p>\n\n\n\n<p><strong>Martinus \u2013 intuicia genio kaj kosma verkisto<\/strong><\/p>\n\n\n\n<p>Martinus (1890\u20131981) estis dana verkisto kaj intuicia genio, aktive verkanta dum pli ol 60 jaroj. En 1921 li spertis profundan \u015dan\u011don de konscio \u2013 kosman enkonsekron \u2013 kiu donis al li klarvidan komprenon pri la plej fundamentaj principoj de la ekzisto. Tiu sperto fari\u011dis la bazo por vasta verkaro, en kiu li prezentis kosman mondbildon, unika en la historio de la homaro.<\/p>\n\n\n\n<p>Centra principo en la verko de Martinus estas, ke la universo estas viva esta\u0135o \u2013 kaj en sia kerno absolute amoplena. Amo, kompreno kaj amikeco kun \u0109iu vivanta esta\u0135o trapenetras lian vidon pri la vivo. Lia mondbildo estas logike strukturita kaj celas la modernan homon, kiu ser\u0109as spiritan komprenon en harmonio kun racio kaj scienco.<\/p>\n\n\n\n<p>En la posta parto de sia vivo, Martinus donis al sia verko la nomon <strong>&#8220;La Tria Testamento&#8221;<\/strong>. Hodia\u016d lia hereda\u0135o estas prizorgata de la <strong>Instituto Martinus<\/strong> en Kopenhago, kiu anka\u016d okupi\u011das pri instruado kaj esplorado surbaze de lia laboro.<\/p>\n","protected":false},"excerpt":{"rendered":"<p>Esplorinstituto por kosma kompreno Vivotopia estas esplor-akademio fondita sur la kosmologio de Martinus \u2013 kosma mondrigardo kiu prilumas la plej profundajn demandojn de la vivo. \u0108i tie ni esploras ekzistecajn temojn kiel: Kio estas la vivo? Kio estas la senco de nia tera ekzistado? Kio estas la rolo de sufero, la naturo de morto kaj&#8230;<\/p>\n","protected":false},"author":1,"featured_media":0,"parent":0,"menu_order":0,"comment_status":"closed","ping_status":"closed","template":"","meta":{"_acf_changed":false,"_kad_blocks_custom_css":"","_kad_blocks_head_custom_js":"","_kad_blocks_body_custom_js":"","_kad_blocks_footer_custom_js":"","_kad_post_transparent":"","_kad_post_title":"","_kad_post_layout":"","_kad_post_sidebar_id":"","_kad_post_content_style":"","_kad_post_vertical_padding":"","_kad_post_feature":"","_kad_post_feature_position":"","_kad_post_header":false,"_kad_post_footer":false,"_kad_post_classname":"","footnotes":""},"class_list":["post-25","page","type-page","status-publish","hentry"],"acf":[],"yoast_head":"<!-- This site is optimized with the Yoast SEO plugin v27.4 - https:\/\/yoast.com\/product\/yoast-seo-wordpress\/ -->\n<title>Vivotopia Kosma Akademio - VIVOTOPIA<\/title>\n<meta name=\"robots\" content=\"index, follow, max-snippet:-1, max-image-preview:large, max-video-preview:-1\" \/>\n<link rel=\"canonical\" href=\"https:\/\/vivotopia.org\/eo\/\" \/>\n<meta property=\"og:locale\" content=\"eo_EO\" \/>\n<meta property=\"og:type\" content=\"article\" \/>\n<meta property=\"og:title\" content=\"Vivotopia Kosma Akademio - VIVOTOPIA\" \/>\n<meta property=\"og:description\" content=\"Esplorinstituto por kosma kompreno Vivotopia estas esplor-akademio fondita sur la kosmologio de Martinus \u2013 kosma mondrigardo kiu prilumas la plej profundajn demandojn de la vivo. \u0108i tie ni esploras ekzistecajn temojn kiel: Kio estas la vivo? Kio estas la senco de nia tera ekzistado? Kio estas la rolo de sufero, la naturo de morto kaj...\" \/>\n<meta property=\"og:url\" content=\"https:\/\/vivotopia.org\/eo\/\" \/>\n<meta property=\"og:site_name\" content=\"VIVOTOPIA\" \/>\n<meta property=\"article:modified_time\" content=\"2025-04-07T15:42:50+00:00\" \/>\n<meta name=\"twitter:card\" content=\"summary_large_image\" \/>\n<meta name=\"twitter:label1\" content=\"Est. reading time\" \/>\n\t<meta name=\"twitter:data1\" content=\"2 minutes\" \/>\n<script type=\"application\/ld+json\" class=\"yoast-schema-graph\">{\"@context\":\"https:\\\/\\\/schema.org\",\"@graph\":[{\"@type\":\"WebPage\",\"@id\":\"https:\\\/\\\/vivotopia.org\\\/eo\\\/\",\"url\":\"https:\\\/\\\/vivotopia.org\\\/eo\\\/\",\"name\":\"Vivotopia Kosma Akademio - VIVOTOPIA\",\"isPartOf\":{\"@id\":\"https:\\\/\\\/vivotopia.org\\\/eo\\\/#website\"},\"datePublished\":\"2025-01-05T06:54:49+00:00\",\"dateModified\":\"2025-04-07T15:42:50+00:00\",\"breadcrumb\":{\"@id\":\"https:\\\/\\\/vivotopia.org\\\/eo\\\/#breadcrumb\"},\"inLanguage\":\"eo-UY\",\"potentialAction\":[{\"@type\":\"ReadAction\",\"target\":[\"https:\\\/\\\/vivotopia.org\\\/eo\\\/\"]}]},{\"@type\":\"BreadcrumbList\",\"@id\":\"https:\\\/\\\/vivotopia.org\\\/eo\\\/#breadcrumb\",\"itemListElement\":[{\"@type\":\"ListItem\",\"position\":1,\"name\":\"Home\",\"item\":\"https:\\\/\\\/vivotopia.org\\\/eo\\\/\"},{\"@type\":\"ListItem\",\"position\":2,\"name\":\"Vivotopia Kosma Akademio\"}]},{\"@type\":\"WebSite\",\"@id\":\"https:\\\/\\\/vivotopia.org\\\/eo\\\/#website\",\"url\":\"https:\\\/\\\/vivotopia.org\\\/eo\\\/\",\"name\":\"VIVOTOPIA\",\"description\":\"\",\"publisher\":{\"@id\":\"https:\\\/\\\/vivotopia.org\\\/eo\\\/#organization\"},\"potentialAction\":[{\"@type\":\"SearchAction\",\"target\":{\"@type\":\"EntryPoint\",\"urlTemplate\":\"https:\\\/\\\/vivotopia.org\\\/eo\\\/?s={search_term_string}\"},\"query-input\":{\"@type\":\"PropertyValueSpecification\",\"valueRequired\":true,\"valueName\":\"search_term_string\"}}],\"inLanguage\":\"eo-UY\"},{\"@type\":\"Organization\",\"@id\":\"https:\\\/\\\/vivotopia.org\\\/eo\\\/#organization\",\"name\":\"VIVOTOPIA\",\"url\":\"https:\\\/\\\/vivotopia.org\\\/eo\\\/\",\"logo\":{\"@type\":\"ImageObject\",\"inLanguage\":\"eo-UY\",\"@id\":\"https:\\\/\\\/vivotopia.org\\\/eo\\\/#\\\/schema\\\/logo\\\/image\\\/\",\"url\":\"https:\\\/\\\/vivotopia.org\\\/wp-content\\\/uploads\\\/2025\\\/02\\\/Vivotopia_Loggajpg.jpg\",\"contentUrl\":\"https:\\\/\\\/vivotopia.org\\\/wp-content\\\/uploads\\\/2025\\\/02\\\/Vivotopia_Loggajpg.jpg\",\"width\":696,\"height\":685,\"caption\":\"VIVOTOPIA\"},\"image\":{\"@id\":\"https:\\\/\\\/vivotopia.org\\\/eo\\\/#\\\/schema\\\/logo\\\/image\\\/\"}}]}<\/script>\n<!-- \/ Yoast SEO plugin. -->","yoast_head_json":{"title":"Vivotopia Kosma Akademio - VIVOTOPIA","robots":{"index":"index","follow":"follow","max-snippet":"max-snippet:-1","max-image-preview":"max-image-preview:large","max-video-preview":"max-video-preview:-1"},"canonical":"https:\/\/vivotopia.org\/eo\/","og_locale":"eo_EO","og_type":"article","og_title":"Vivotopia Kosma Akademio - VIVOTOPIA","og_description":"Esplorinstituto por kosma kompreno Vivotopia estas esplor-akademio fondita sur la kosmologio de Martinus \u2013 kosma mondrigardo kiu prilumas la plej profundajn demandojn de la vivo. \u0108i tie ni esploras ekzistecajn temojn kiel: Kio estas la vivo? Kio estas la senco de nia tera ekzistado? Kio estas la rolo de sufero, la naturo de morto kaj...","og_url":"https:\/\/vivotopia.org\/eo\/","og_site_name":"VIVOTOPIA","article_modified_time":"2025-04-07T15:42:50+00:00","twitter_card":"summary_large_image","twitter_misc":{"Est. reading time":"2 minutes"},"schema":{"@context":"https:\/\/schema.org","@graph":[{"@type":"WebPage","@id":"https:\/\/vivotopia.org\/eo\/","url":"https:\/\/vivotopia.org\/eo\/","name":"Vivotopia Kosma Akademio - VIVOTOPIA","isPartOf":{"@id":"https:\/\/vivotopia.org\/eo\/#website"},"datePublished":"2025-01-05T06:54:49+00:00","dateModified":"2025-04-07T15:42:50+00:00","breadcrumb":{"@id":"https:\/\/vivotopia.org\/eo\/#breadcrumb"},"inLanguage":"eo-UY","potentialAction":[{"@type":"ReadAction","target":["https:\/\/vivotopia.org\/eo\/"]}]},{"@type":"BreadcrumbList","@id":"https:\/\/vivotopia.org\/eo\/#breadcrumb","itemListElement":[{"@type":"ListItem","position":1,"name":"Home","item":"https:\/\/vivotopia.org\/eo\/"},{"@type":"ListItem","position":2,"name":"Vivotopia Kosma Akademio"}]},{"@type":"WebSite","@id":"https:\/\/vivotopia.org\/eo\/#website","url":"https:\/\/vivotopia.org\/eo\/","name":"VIVOTOPIA","description":"","publisher":{"@id":"https:\/\/vivotopia.org\/eo\/#organization"},"potentialAction":[{"@type":"SearchAction","target":{"@type":"EntryPoint","urlTemplate":"https:\/\/vivotopia.org\/eo\/?s={search_term_string}"},"query-input":{"@type":"PropertyValueSpecification","valueRequired":true,"valueName":"search_term_string"}}],"inLanguage":"eo-UY"},{"@type":"Organization","@id":"https:\/\/vivotopia.org\/eo\/#organization","name":"VIVOTOPIA","url":"https:\/\/vivotopia.org\/eo\/","logo":{"@type":"ImageObject","inLanguage":"eo-UY","@id":"https:\/\/vivotopia.org\/eo\/#\/schema\/logo\/image\/","url":"https:\/\/vivotopia.org\/wp-content\/uploads\/2025\/02\/Vivotopia_Loggajpg.jpg","contentUrl":"https:\/\/vivotopia.org\/wp-content\/uploads\/2025\/02\/Vivotopia_Loggajpg.jpg","width":696,"height":685,"caption":"VIVOTOPIA"},"image":{"@id":"https:\/\/vivotopia.org\/eo\/#\/schema\/logo\/image\/"}}]}},"taxonomy_info":[],"featured_image_src_large":false,"author_info":{"display_name":"demokarin","author_link":"https:\/\/vivotopia.org\/eo\/author\/demokarin\/"},"comment_info":0,"_links":{"self":[{"href":"https:\/\/vivotopia.org\/eo\/wp-json\/wp\/v2\/pages\/25","targetHints":{"allow":["GET"]}}],"collection":[{"href":"https:\/\/vivotopia.org\/eo\/wp-json\/wp\/v2\/pages"}],"about":[{"href":"https:\/\/vivotopia.org\/eo\/wp-json\/wp\/v2\/types\/page"}],"author":[{"embeddable":true,"href":"https:\/\/vivotopia.org\/eo\/wp-json\/wp\/v2\/users\/1"}],"replies":[{"embeddable":true,"href":"https:\/\/vivotopia.org\/eo\/wp-json\/wp\/v2\/comments?post=25"}],"version-history":[{"count":1,"href":"https:\/\/vivotopia.org\/eo\/wp-json\/wp\/v2\/pages\/25\/revisions"}],"predecessor-version":[{"id":1246,"href":"https:\/\/vivotopia.org\/eo\/wp-json\/wp\/v2\/pages\/25\/revisions\/1246"}],"wp:attachment":[{"href":"https:\/\/vivotopia.org\/eo\/wp-json\/wp\/v2\/media?parent=25"}],"curies":[{"name":"wp","href":"https:\/\/api.w.org\/{rel}","templated":true}]}}